{"id":134,"date":"2024-07-27T15:06:14","date_gmt":"2024-07-27T13:06:14","guid":{"rendered":"https:\/\/www.svoe-leoben.at\/wpsvoe\/?page_id=134"},"modified":"2024-07-27T15:09:06","modified_gmt":"2024-07-27T13:09:06","slug":"vorstand","status":"publish","type":"page","link":"https:\/\/www.svoe-leoben.at\/wpsvoe\/vorstand\/","title":{"rendered":"Vorstand"},"content":{"rendered":"\t\t<div data-elementor-type=\"wp-page\" data-elementor-id=\"134\" class=\"elementor elementor-134\">\n\t\t\t\t<div class=\"elementor-element elementor-element-f11ab27 e-flex e-con-boxed e-con e-parent\" data-id=\"f11ab27\" data-element_type=\"container\">\n\t\t\t\t\t<div class=\"e-con-inner\">\n\t\t\t\t<div class=\"elementor-element elementor-element-4317d32 elementor-widget elementor-widget-heading\" data-id=\"4317d32\" data-element_type=\"widget\" data-widget_type=\"heading.default\">\n\t\t\t\t<div class=\"elementor-widget-container\">\n\t\t\t\t\t<h2 class=\"elementor-heading-title elementor-size-default\">Vorstand<\/h2>\t\t\t\t<\/div>\n\t\t\t\t<\/div>\n\t\t\t\t\t<\/div>\n\t\t\t\t<\/div>\n\t\t<div class=\"elementor-element elementor-element-272a4b8 e-flex e-con-boxed e-con e-parent\" data-id=\"272a4b8\" data-element_type=\"container\">\n\t\t\t\t\t<div class=\"e-con-inner\">\n\t\t<div class=\"elementor-element elementor-element-70699c9 e-con-full e-flex e-con e-child\" data-id=\"70699c9\" data-element_type=\"container\">\n\t\t\t\t<div class=\"elementor-element elementor-element-5156a60 elementor-widget elementor-widget-text-editor\" data-id=\"5156a60\" data-element_type=\"widget\" data-widget_type=\"text-editor.default\">\n\t\t\t\t<div class=\"elementor-widget-container\">\n\t\t\t\t\t\t\t\t\t<p><strong>Armin Ertler<\/strong><br \/>Vorsitzender &amp; Zuchtwart Stv.<\/p>\t\t\t\t\t\t\t\t<\/div>\n\t\t\t\t<\/div>\n\t\t\t\t<\/div>\n\t\t<div class=\"elementor-element elementor-element-02616c4 e-con-full e-flex e-con e-child\" data-id=\"02616c4\" data-element_type=\"container\">\n\t\t\t\t<div class=\"elementor-element elementor-element-3bc0e6d elementor-widget elementor-widget-text-editor\" data-id=\"3bc0e6d\" data-element_type=\"widget\" data-widget_type=\"text-editor.default\">\n\t\t\t\t<div class=\"elementor-widget-container\">\n\t\t\t\t\t\t\t\t\t<p><strong>Ronald Winkler<\/strong><br \/>Vorsitzender Stv.<\/p><p>\u00a0<\/p>\t\t\t\t\t\t\t\t<\/div>\n\t\t\t\t<\/div>\n\t\t\t\t<\/div>\n\t\t<div class=\"elementor-element elementor-element-f185db9 e-con-full e-flex e-con e-child\" data-id=\"f185db9\" data-element_type=\"container\">\n\t\t\t\t<div class=\"elementor-element elementor-element-dd157c2 elementor-widget elementor-widget-text-editor\" data-id=\"dd157c2\" data-element_type=\"widget\" data-widget_type=\"text-editor.default\">\n\t\t\t\t<div class=\"elementor-widget-container\">\n\t\t\t\t\t\t\t\t\t<p><strong>Birgit Steinberger<\/strong><br \/>Schriftf\u00fchrerin<\/p>\t\t\t\t\t\t\t\t<\/div>\n\t\t\t\t<\/div>\n\t\t\t\t<\/div>\n\t\t<div class=\"elementor-element elementor-element-e458c79 e-con-full e-flex e-con e-child\" data-id=\"e458c79\" data-element_type=\"container\">\n\t\t\t\t<div class=\"elementor-element elementor-element-de59a5c elementor-widget elementor-widget-text-editor\" data-id=\"de59a5c\" data-element_type=\"widget\" data-widget_type=\"text-editor.default\">\n\t\t\t\t<div class=\"elementor-widget-container\">\n\t\t\t\t\t\t\t\t\t<p><strong>Natascha Berger<\/strong><br \/>Schriftf\u00fchrerin Stv.<\/p>\t\t\t\t\t\t\t\t<\/div>\n\t\t\t\t<\/div>\n\t\t\t\t<\/div>\n\t\t\t\t\t<\/div>\n\t\t\t\t<\/div>\n\t\t<div class=\"elementor-element elementor-element-51e14f0 e-flex e-con-boxed e-con e-parent\" data-id=\"51e14f0\" data-element_type=\"container\">\n\t\t\t\t\t<div class=\"e-con-inner\">\n\t\t<div class=\"elementor-element elementor-element-d0fa78a e-con-full e-flex e-con e-child\" data-id=\"d0fa78a\" data-element_type=\"container\">\n\t\t\t\t<div class=\"elementor-element elementor-element-2894a15 elementor-widget elementor-widget-text-editor\" data-id=\"2894a15\" data-element_type=\"widget\" data-widget_type=\"text-editor.default\">\n\t\t\t\t<div class=\"elementor-widget-container\">\n\t\t\t\t\t\t\t\t\t<p><strong>Martina Winkler<\/strong><br \/>Kassierin<\/p>\t\t\t\t\t\t\t\t<\/div>\n\t\t\t\t<\/div>\n\t\t\t\t<\/div>\n\t\t<div class=\"elementor-element elementor-element-5e27db4 e-con-full e-flex e-con e-child\" data-id=\"5e27db4\" data-element_type=\"container\">\n\t\t\t\t<div class=\"elementor-element elementor-element-15d866e elementor-widget elementor-widget-text-editor\" data-id=\"15d866e\" data-element_type=\"widget\" data-widget_type=\"text-editor.default\">\n\t\t\t\t<div class=\"elementor-widget-container\">\n\t\t\t\t\t\t\t\t\t<p><strong>Harald Schabelreiter<\/strong><br \/>Kassier Stv.<\/p>\t\t\t\t\t\t\t\t<\/div>\n\t\t\t\t<\/div>\n\t\t\t\t<\/div>\n\t\t<div class=\"elementor-element elementor-element-f9f2d26 e-con-full e-flex e-con e-child\" data-id=\"f9f2d26\" data-element_type=\"container\">\n\t\t\t\t<div class=\"elementor-element elementor-element-320293b elementor-widget elementor-widget-text-editor\" data-id=\"320293b\" data-element_type=\"widget\" data-widget_type=\"text-editor.default\">\n\t\t\t\t<div class=\"elementor-widget-container\">\n\t\t\t\t\t\t\t\t\t<p><strong>Birgit Steinberger<br \/><\/strong>Ausbildner<\/p>\t\t\t\t\t\t\t\t<\/div>\n\t\t\t\t<\/div>\n\t\t\t\t<\/div>\n\t\t<div class=\"elementor-element elementor-element-2938c9c e-con-full e-flex e-con e-child\" data-id=\"2938c9c\" data-element_type=\"container\">\n\t\t\t\t<div class=\"elementor-element elementor-element-df6cc98 elementor-widget elementor-widget-text-editor\" data-id=\"df6cc98\" data-element_type=\"widget\" data-widget_type=\"text-editor.default\">\n\t\t\t\t<div class=\"elementor-widget-container\">\n\t\t\t\t\t\t\t\t\t<p><strong>Alexandra Berger<\/strong><br \/>Ausbildner Stv. &amp; Zuchtwart<\/p>\t\t\t\t\t\t\t\t<\/div>\n\t\t\t\t<\/div>\n\t\t\t\t<\/div>\n\t\t\t\t\t<\/div>\n\t\t\t\t<\/div>\n\t\t\t\t<\/div>\n\t\t","protected":false},"excerpt":{"rendered":"<p>Vorstand Armin ErtlerVorsitzender &amp; Zuchtwart Stv. Ronald WinklerVorsitzender Stv. \u00a0 Birgit SteinbergerSchriftf\u00fchrerin Natascha BergerSchriftf\u00fchrerin Stv. Martina WinklerKassierin Harald SchabelreiterKassier Stv. Birgit SteinbergerAusbildner Alexandra BergerAusbildner Stv. &amp; Zuchtwart<\/p>\n","protected":false},"author":1,"featured_media":0,"parent":0,"menu_order":0,"comment_status":"closed","ping_status":"closed","template":"","meta":{"ocean_post_layout":"full-width","ocean_both_sidebars_style":"","ocean_both_sidebars_content_width":0,"ocean_both_sidebars_sidebars_width":0,"ocean_sidebar":"","ocean_second_sidebar":"","ocean_disable_margins":"on","ocean_add_body_class":"","ocean_shortcode_before_top_bar":"","ocean_shortcode_after_top_bar":"","ocean_shortcode_before_header":"","ocean_shortcode_after_header":"","ocean_has_shortcode":"","ocean_shortcode_after_title":"","ocean_shortcode_before_footer_widgets":"","ocean_shortcode_after_footer_widgets":"","ocean_shortcode_before_footer_bottom":"","ocean_shortcode_after_footer_bottom":"","ocean_display_top_bar":"on","ocean_display_header":"on","ocean_header_style":"","ocean_center_header_left_menu":"","ocean_custom_header_template":"","ocean_custom_logo":0,"ocean_custom_retina_logo":0,"ocean_custom_logo_max_width":0,"ocean_custom_logo_tablet_max_width":0,"ocean_custom_logo_mobile_max_width":0,"ocean_custom_logo_max_height":0,"ocean_custom_logo_tablet_max_height":0,"ocean_custom_logo_mobile_max_height":0,"ocean_header_custom_menu":"","ocean_menu_typo_font_family":"","ocean_menu_typo_font_subset":"","ocean_menu_typo_font_size":0,"ocean_menu_typo_font_size_tablet":0,"ocean_menu_typo_font_size_mobile":0,"ocean_menu_typo_font_size_unit":"px","ocean_menu_typo_font_weight":"","ocean_menu_typo_font_weight_tablet":"","ocean_menu_typo_font_weight_mobile":"","ocean_menu_typo_transform":"","ocean_menu_typo_transform_tablet":"","ocean_menu_typo_transform_mobile":"","ocean_menu_typo_line_height":0,"ocean_menu_typo_line_height_tablet":0,"ocean_menu_typo_line_height_mobile":0,"ocean_menu_typo_line_height_unit":"","ocean_menu_typo_spacing":0,"ocean_menu_typo_spacing_tablet":0,"ocean_menu_typo_spacing_mobile":0,"ocean_menu_typo_spacing_unit":"","ocean_menu_link_color":"","ocean_menu_link_color_hover":"","ocean_menu_link_color_active":"","ocean_menu_link_background":"","ocean_menu_link_hover_background":"","ocean_menu_link_active_background":"","ocean_menu_social_links_bg":"","ocean_menu_social_hover_links_bg":"","ocean_menu_social_links_color":"","ocean_menu_social_hover_links_color":"","ocean_disable_title":"on","ocean_disable_heading":"default","ocean_post_title":"","ocean_post_subheading":"","ocean_post_title_style":"","ocean_post_title_background_color":"","ocean_post_title_background":0,"ocean_post_title_bg_image_position":"","ocean_post_title_bg_image_attachment":"","ocean_post_title_bg_image_repeat":"","ocean_post_title_bg_image_size":"","ocean_post_title_height":0,"ocean_post_title_bg_overlay":0.5,"ocean_post_title_bg_overlay_color":"","ocean_disable_breadcrumbs":"default","ocean_breadcrumbs_color":"","ocean_breadcrumbs_separator_color":"","ocean_breadcrumbs_links_color":"","ocean_breadcrumbs_links_hover_color":"","ocean_display_footer_widgets":"default","ocean_display_footer_bottom":"default","ocean_custom_footer_template":"","footnotes":""},"class_list":["post-134","page","type-page","status-publish","hentry","entry"],"yoast_head":"<!-- This site is optimized with the Yoast SEO plugin v25.1 - https:\/\/yoast.com\/wordpress\/plugins\/seo\/ -->\n<title>Vorstand - SV\u00d6 Leoben<\/title>\n<meta name=\"robots\" content=\"index, follow, max-snippet:-1, max-image-preview:large, max-video-preview:-1\" \/>\n<link rel=\"canonical\" href=\"https:\/\/www.svoe-leoben.at\/wpsvoe\/vorstand\/\" \/>\n<meta property=\"og:locale\" content=\"de_DE\" \/>\n<meta property=\"og:type\" content=\"article\" \/>\n<meta property=\"og:title\" content=\"Vorstand - SV\u00d6 Leoben\" \/>\n<meta property=\"og:description\" content=\"Vorstand Armin ErtlerVorsitzender &amp; Zuchtwart Stv. Ronald WinklerVorsitzender Stv. \u00a0 Birgit SteinbergerSchriftf\u00fchrerin Natascha BergerSchriftf\u00fchrerin Stv. Martina WinklerKassierin Harald SchabelreiterKassier Stv. Birgit SteinbergerAusbildner Alexandra BergerAusbildner Stv. &amp; Zuchtwart\" \/>\n<meta property=\"og:url\" content=\"https:\/\/www.svoe-leoben.at\/wpsvoe\/vorstand\/\" \/>\n<meta property=\"og:site_name\" content=\"SV\u00d6 Leoben\" \/>\n<meta property=\"article:modified_time\" content=\"2024-07-27T13:09:06+00:00\" \/>\n<meta name=\"twitter:card\" content=\"summary_large_image\" \/>\n<meta name=\"twitter:label1\" content=\"Gesch\u00e4tzte Lesezeit\" \/>\n\t<meta name=\"twitter:data1\" content=\"1\u00a0Minute\" \/>\n<script type=\"application\/ld+json\" class=\"yoast-schema-graph\">{\"@context\":\"https:\/\/schema.org\",\"@graph\":[{\"@type\":\"WebPage\",\"@id\":\"https:\/\/www.svoe-leoben.at\/wpsvoe\/vorstand\/\",\"url\":\"https:\/\/www.svoe-leoben.at\/wpsvoe\/vorstand\/\",\"name\":\"Vorstand - SV\u00d6 Leoben\",\"isPartOf\":{\"@id\":\"https:\/\/www.svoe-leoben.at\/wpsvoe\/#website\"},\"datePublished\":\"2024-07-27T13:06:14+00:00\",\"dateModified\":\"2024-07-27T13:09:06+00:00\",\"breadcrumb\":{\"@id\":\"https:\/\/www.svoe-leoben.at\/wpsvoe\/vorstand\/#breadcrumb\"},\"inLanguage\":\"de\",\"potentialAction\":[{\"@type\":\"ReadAction\",\"target\":[\"https:\/\/www.svoe-leoben.at\/wpsvoe\/vorstand\/\"]}]},{\"@type\":\"BreadcrumbList\",\"@id\":\"https:\/\/www.svoe-leoben.at\/wpsvoe\/vorstand\/#breadcrumb\",\"itemListElement\":[{\"@type\":\"ListItem\",\"position\":1,\"name\":\"Startseite\",\"item\":\"https:\/\/www.svoe-leoben.at\/wpsvoe\/\"},{\"@type\":\"ListItem\",\"position\":2,\"name\":\"Vorstand\"}]},{\"@type\":\"WebSite\",\"@id\":\"https:\/\/www.svoe-leoben.at\/wpsvoe\/#website\",\"url\":\"https:\/\/www.svoe-leoben.at\/wpsvoe\/\",\"name\":\"SV\u00d6 Leoben\",\"description\":\"\u00d6sterreichischer Verein f\u00fcr Deutsche Sch\u00e4ferhunde\",\"publisher\":{\"@id\":\"https:\/\/www.svoe-leoben.at\/wpsvoe\/#organization\"},\"potentialAction\":[{\"@type\":\"SearchAction\",\"target\":{\"@type\":\"EntryPoint\",\"urlTemplate\":\"https:\/\/www.svoe-leoben.at\/wpsvoe\/?s={search_term_string}\"},\"query-input\":{\"@type\":\"PropertyValueSpecification\",\"valueRequired\":true,\"valueName\":\"search_term_string\"}}],\"inLanguage\":\"de\"},{\"@type\":\"Organization\",\"@id\":\"https:\/\/www.svoe-leoben.at\/wpsvoe\/#organization\",\"name\":\"SV\u00d6 Leoben\",\"url\":\"https:\/\/www.svoe-leoben.at\/wpsvoe\/\",\"logo\":{\"@type\":\"ImageObject\",\"inLanguage\":\"de\",\"@id\":\"https:\/\/www.svoe-leoben.at\/wpsvoe\/#\/schema\/logo\/image\/\",\"url\":\"https:\/\/www.svoe-leoben.at\/wpsvoe\/wp-content\/uploads\/2024\/07\/logo.png\",\"contentUrl\":\"https:\/\/www.svoe-leoben.at\/wpsvoe\/wp-content\/uploads\/2024\/07\/logo.png\",\"width\":1000,\"height\":200,\"caption\":\"SV\u00d6 Leoben\"},\"image\":{\"@id\":\"https:\/\/www.svoe-leoben.at\/wpsvoe\/#\/schema\/logo\/image\/\"}}]}<\/script>\n<!-- \/ Yoast SEO plugin. -->","yoast_head_json":{"title":"Vorstand - SV\u00d6 Leoben","robots":{"index":"index","follow":"follow","max-snippet":"max-snippet:-1","max-image-preview":"max-image-preview:large","max-video-preview":"max-video-preview:-1"},"canonical":"https:\/\/www.svoe-leoben.at\/wpsvoe\/vorstand\/","og_locale":"de_DE","og_type":"article","og_title":"Vorstand - SV\u00d6 Leoben","og_description":"Vorstand Armin ErtlerVorsitzender &amp; Zuchtwart Stv. Ronald WinklerVorsitzender Stv. \u00a0 Birgit SteinbergerSchriftf\u00fchrerin Natascha BergerSchriftf\u00fchrerin Stv. Martina WinklerKassierin Harald SchabelreiterKassier Stv. Birgit SteinbergerAusbildner Alexandra BergerAusbildner Stv. &amp; Zuchtwart","og_url":"https:\/\/www.svoe-leoben.at\/wpsvoe\/vorstand\/","og_site_name":"SV\u00d6 Leoben","article_modified_time":"2024-07-27T13:09:06+00:00","twitter_card":"summary_large_image","twitter_misc":{"Gesch\u00e4tzte Lesezeit":"1\u00a0Minute"},"schema":{"@context":"https:\/\/schema.org","@graph":[{"@type":"WebPage","@id":"https:\/\/www.svoe-leoben.at\/wpsvoe\/vorstand\/","url":"https:\/\/www.svoe-leoben.at\/wpsvoe\/vorstand\/","name":"Vorstand - SV\u00d6 Leoben","isPartOf":{"@id":"https:\/\/www.svoe-leoben.at\/wpsvoe\/#website"},"datePublished":"2024-07-27T13:06:14+00:00","dateModified":"2024-07-27T13:09:06+00:00","breadcrumb":{"@id":"https:\/\/www.svoe-leoben.at\/wpsvoe\/vorstand\/#breadcrumb"},"inLanguage":"de","potentialAction":[{"@type":"ReadAction","target":["https:\/\/www.svoe-leoben.at\/wpsvoe\/vorstand\/"]}]},{"@type":"BreadcrumbList","@id":"https:\/\/www.svoe-leoben.at\/wpsvoe\/vorstand\/#breadcrumb","itemListElement":[{"@type":"ListItem","position":1,"name":"Startseite","item":"https:\/\/www.svoe-leoben.at\/wpsvoe\/"},{"@type":"ListItem","position":2,"name":"Vorstand"}]},{"@type":"WebSite","@id":"https:\/\/www.svoe-leoben.at\/wpsvoe\/#website","url":"https:\/\/www.svoe-leoben.at\/wpsvoe\/","name":"SV\u00d6 Leoben","description":"\u00d6sterreichischer Verein f\u00fcr Deutsche Sch\u00e4ferhunde","publisher":{"@id":"https:\/\/www.svoe-leoben.at\/wpsvoe\/#organization"},"potentialAction":[{"@type":"SearchAction","target":{"@type":"EntryPoint","urlTemplate":"https:\/\/www.svoe-leoben.at\/wpsvoe\/?s={search_term_string}"},"query-input":{"@type":"PropertyValueSpecification","valueRequired":true,"valueName":"search_term_string"}}],"inLanguage":"de"},{"@type":"Organization","@id":"https:\/\/www.svoe-leoben.at\/wpsvoe\/#organization","name":"SV\u00d6 Leoben","url":"https:\/\/www.svoe-leoben.at\/wpsvoe\/","logo":{"@type":"ImageObject","inLanguage":"de","@id":"https:\/\/www.svoe-leoben.at\/wpsvoe\/#\/schema\/logo\/image\/","url":"https:\/\/www.svoe-leoben.at\/wpsvoe\/wp-content\/uploads\/2024\/07\/logo.png","contentUrl":"https:\/\/www.svoe-leoben.at\/wpsvoe\/wp-content\/uploads\/2024\/07\/logo.png","width":1000,"height":200,"caption":"SV\u00d6 Leoben"},"image":{"@id":"https:\/\/www.svoe-leoben.at\/wpsvoe\/#\/schema\/logo\/image\/"}}]}},"_links":{"self":[{"href":"https:\/\/www.svoe-leoben.at\/wpsvoe\/wp-json\/wp\/v2\/pages\/134","targetHints":{"allow":["GET"]}}],"collection":[{"href":"https:\/\/www.svoe-leoben.at\/wpsvoe\/wp-json\/wp\/v2\/pages"}],"about":[{"href":"https:\/\/www.svoe-leoben.at\/wpsvoe\/wp-json\/wp\/v2\/types\/page"}],"author":[{"embeddable":true,"href":"https:\/\/www.svoe-leoben.at\/wpsvoe\/wp-json\/wp\/v2\/users\/1"}],"replies":[{"embeddable":true,"href":"https:\/\/www.svoe-leoben.at\/wpsvoe\/wp-json\/wp\/v2\/comments?post=134"}],"version-history":[{"count":4,"href":"https:\/\/www.svoe-leoben.at\/wpsvoe\/wp-json\/wp\/v2\/pages\/134\/revisions"}],"predecessor-version":[{"id":138,"href":"https:\/\/www.svoe-leoben.at\/wpsvoe\/wp-json\/wp\/v2\/pages\/134\/revisions\/138"}],"wp:attachment":[{"href":"https:\/\/www.svoe-leoben.at\/wpsvoe\/wp-json\/wp\/v2\/media?parent=134"}],"curies":[{"name":"wp","href":"https:\/\/api.w.org\/{rel}","templated":true}]}}