{"id":129,"date":"2024-07-27T15:03:26","date_gmt":"2024-07-27T13:03:26","guid":{"rendered":"https:\/\/www.svoe-leoben.at\/wpsvoe\/?page_id=129"},"modified":"2024-07-27T15:04:49","modified_gmt":"2024-07-27T13:04:49","slug":"platzodnung","status":"publish","type":"page","link":"https:\/\/www.svoe-leoben.at\/wpsvoe\/platzodnung\/","title":{"rendered":"Platzodnung"},"content":{"rendered":"\t\t<div data-elementor-type=\"wp-page\" data-elementor-id=\"129\" class=\"elementor elementor-129\">\n\t\t\t\t<div class=\"elementor-element elementor-element-7d4d96c e-flex e-con-boxed e-con e-parent\" data-id=\"7d4d96c\" data-element_type=\"container\">\n\t\t\t\t\t<div class=\"e-con-inner\">\n\t\t\t\t<div class=\"elementor-element elementor-element-4ad83a0 elementor-widget elementor-widget-heading\" data-id=\"4ad83a0\" data-element_type=\"widget\" data-widget_type=\"heading.default\">\n\t\t\t\t<div class=\"elementor-widget-container\">\n\t\t\t\t\t<h2 class=\"elementor-heading-title elementor-size-default\">Platzordnung<\/h2>\t\t\t\t<\/div>\n\t\t\t\t<\/div>\n\t\t\t\t\t<\/div>\n\t\t\t\t<\/div>\n\t\t<div class=\"elementor-element elementor-element-78b87c7 e-flex e-con-boxed e-con e-parent\" data-id=\"78b87c7\" data-element_type=\"container\">\n\t\t\t\t\t<div class=\"e-con-inner\">\n\t\t\t\t<div class=\"elementor-element elementor-element-5254214 elementor-widget elementor-widget-text-editor\" data-id=\"5254214\" data-element_type=\"widget\" data-widget_type=\"text-editor.default\">\n\t\t\t\t<div class=\"elementor-widget-container\">\n\t\t\t\t\t\t\t\t\t<p><\/p><p><strong>1.<\/strong> Die Hundef\u00fchrer haben daf\u00fcr zu sorgen, dass die Hunde vor \u00a0dem Kurs den n\u00f6tigen Auslauf erhalten. Um Probleme mit den angrenzenden \u00a0Gartenbesitzern zu vermeiden, bitten wir unbedingt zu beachten, dass es \u00a0in der unmittelbaren N\u00e4he des Ausbildungsgel\u00e4ndes keine geeignete \u00a0Auslaufm\u00f6glichkeit gibt!!!<\/p><p> <\/p><p><strong>2.<\/strong> Beim Betreten des Vereinsgel\u00e4ndes sind alle Hunde ausnahmslos an der Leine zu f\u00fchren.<\/p><p> <\/p><p><strong>3.<\/strong> Das Spielenlassen der Hunde untereinander sowie das Versammeln der \u00a0Hunde im Eingangsbereich \u2013 w\u00e4hrend andere Hundef\u00fchrer mit ihren Hunden \u00a0arbeiten \u2013 ist nicht gestattet. Die Hunde sind im Auto oder den daf\u00fcr \u00a0vorgesehenen Boxen zu versorgen.<\/p><p> <\/p><p><strong>4.<\/strong><strong>HUNDEF\u00dcHRER UND BESUCHER, DIE KINDER MIT AUF DEN KURSPLATZ NEHMEN, TRAGEN F\u00dcR DIESE DIE VOLLE VERANTWORTUNG!<br \/><\/strong><br \/><strong>5.<\/strong> Das Betreten des Ausbildungsgel\u00e4ndes sowie das \u00dcben mit den Agility- \u00a0und Breitensport-Ger\u00e4ten ist nur unter Aufsicht des Ausbildungspersonals \u00a0erlaubt. Die Ger\u00e4te sind kein Kinderspielzeug!<\/p><p> <\/p><p><strong>6.<\/strong> Bei hitzigen H\u00fcndinnen bitten wir unbedingt um R\u00fccksprache mit dem Ausbildungspersonal.<\/p><p> <\/p><p><strong>7.<\/strong> Kranke Hunde m\u00fcssen vom Kursplatz ferngehalten werden. Bitte \u00a0verst\u00e4ndigen Sie das Ausbildungspersonal von jeder Erkrankung ihres \u00a0Hundes.<\/p><p> <\/p><p><strong>8.<\/strong> Alle Hunde, die den Abrichteplatz besuchen, m\u00fcssen geimpft und versichert sein.<br \/><strong><br \/>9.<\/strong> F\u00fcr jeden Schaden, den ein Hund anrichtet, ist allein der Hundebesitzer bzw. -halter haftbar.<\/p><p> <\/p><p><strong>10<\/strong>. F\u00fcr pers\u00f6nliche Sachwerte ist jeder Kursteilnehmer selbst verantwortlich \u2013 der Verein haftet f\u00fcr keinerlei Sch\u00e4den.<br \/><strong><br \/>11.<\/strong><strong>UNGERECHTFERTIGTE \u00a0QU\u00c4LEREIEN ODER DAS VERURSACHEN VON SCHMERZEN AN HUNDEN SIND NICHT NUR \u00a0GEM\u00c4SS DEN BESTIMMUNGEN DES STEIERM\u00c4RKISCHEN TIERSCHUTZ-HALTEGESETZES \u00a0VERBOTEN, SONDERN ZIEHEN ALLEIN BEI EINMALIGER BEOBACHTUNG DURCH DAS \u00a0AUSBILDUNGSPERSONAL DEN SOFORTIGEN AUSSCHLUSS NACH SICH!<br \/><\/strong><br \/><strong>12. <\/strong>Die \u00a0Ausbildungsspende ist bei der Anmeldung zu erlegen und gilt bis zum \u00a0erstm\u00f6glichen Pr\u00fcfungstermin. Unabh\u00e4ngig von der Teilnahme an der \u00a0Pr\u00fcfung bzw. dem Ergebnis der Pr\u00fcfung ist f\u00fcr den weiteren Kursbesuch \u00a0nach diesem Termin eine j\u00e4hrliche Ausbildungsspende zu entrichten, \u00a0welche ebenfalls im Voraus zu erlegen ist. Bei eventuellem Fernbleiben \u00a0vom Kurs oder vorzeitiger Beendigung wird die Ausbildungsspende nicht \u00a0r\u00fcckerstattet.<\/p><p> <\/p><p><strong>13.<\/strong> Die Kursteilnehmer erkl\u00e4ren sich mit \u00a0der Ver\u00f6ffentlichung von Fotos (Kursbetrieb, div. Veranstaltungen) auf \u00a0der Homepage unseres Vereines einverstanden.<\/p><p> <\/p><p><strong>14.DEN ANWEISUNGEN DES AUSBILDUNGSPERSONALS IST UNBEDINGT FOLGE ZU LEISTEN!<\/strong><\/p><p><\/p>\t\t\t\t\t\t\t\t<\/div>\n\t\t\t\t<\/div>\n\t\t\t\t\t<\/div>\n\t\t\t\t<\/div>\n\t\t\t\t<\/div>\n\t\t","protected":false},"excerpt":{"rendered":"<p>Platzordnung 1. Die Hundef\u00fchrer haben daf\u00fcr zu sorgen, dass die Hunde vor \u00a0dem Kurs den n\u00f6tigen Auslauf erhalten. Um Probleme mit den angrenzenden \u00a0Gartenbesitzern zu vermeiden, bitten wir unbedingt zu [&hellip;]<\/p>\n","protected":false},"author":1,"featured_media":0,"parent":0,"menu_order":0,"comment_status":"closed","ping_status":"closed","template":"","meta":{"ocean_post_layout":"full-width","ocean_both_sidebars_style":"","ocean_both_sidebars_content_width":0,"ocean_both_sidebars_sidebars_width":0,"ocean_sidebar":"","ocean_second_sidebar":"","ocean_disable_margins":"on","ocean_add_body_class":"","ocean_shortcode_before_top_bar":"","ocean_shortcode_after_top_bar":"","ocean_shortcode_before_header":"","ocean_shortcode_after_header":"","ocean_has_shortcode":"","ocean_shortcode_after_title":"","ocean_shortcode_before_footer_widgets":"","ocean_shortcode_after_footer_widgets":"","ocean_shortcode_before_footer_bottom":"","ocean_shortcode_after_footer_bottom":"","ocean_display_top_bar":"on","ocean_display_header":"on","ocean_header_style":"","ocean_center_header_left_menu":"","ocean_custom_header_template":"","ocean_custom_logo":0,"ocean_custom_retina_logo":0,"ocean_custom_logo_max_width":0,"ocean_custom_logo_tablet_max_width":0,"ocean_custom_logo_mobile_max_width":0,"ocean_custom_logo_max_height":0,"ocean_custom_logo_tablet_max_height":0,"ocean_custom_logo_mobile_max_height":0,"ocean_header_custom_menu":"","ocean_menu_typo_font_family":"","ocean_menu_typo_font_subset":"","ocean_menu_typo_font_size":0,"ocean_menu_typo_font_size_tablet":0,"ocean_menu_typo_font_size_mobile":0,"ocean_menu_typo_font_size_unit":"px","ocean_menu_typo_font_weight":"","ocean_menu_typo_font_weight_tablet":"","ocean_menu_typo_font_weight_mobile":"","ocean_menu_typo_transform":"","ocean_menu_typo_transform_tablet":"","ocean_menu_typo_transform_mobile":"","ocean_menu_typo_line_height":0,"ocean_menu_typo_line_height_tablet":0,"ocean_menu_typo_line_height_mobile":0,"ocean_menu_typo_line_height_unit":"","ocean_menu_typo_spacing":0,"ocean_menu_typo_spacing_tablet":0,"ocean_menu_typo_spacing_mobile":0,"ocean_menu_typo_spacing_unit":"","ocean_menu_link_color":"","ocean_menu_link_color_hover":"","ocean_menu_link_color_active":"","ocean_menu_link_background":"","ocean_menu_link_hover_background":"","ocean_menu_link_active_background":"","ocean_menu_social_links_bg":"","ocean_menu_social_hover_links_bg":"","ocean_menu_social_links_color":"","ocean_menu_social_hover_links_color":"","ocean_disable_title":"on","ocean_disable_heading":"default","ocean_post_title":"","ocean_post_subheading":"","ocean_post_title_style":"","ocean_post_title_background_color":"","ocean_post_title_background":0,"ocean_post_title_bg_image_position":"","ocean_post_title_bg_image_attachment":"","ocean_post_title_bg_image_repeat":"","ocean_post_title_bg_image_size":"","ocean_post_title_height":0,"ocean_post_title_bg_overlay":0.5,"ocean_post_title_bg_overlay_color":"","ocean_disable_breadcrumbs":"default","ocean_breadcrumbs_color":"","ocean_breadcrumbs_separator_color":"","ocean_breadcrumbs_links_color":"","ocean_breadcrumbs_links_hover_color":"","ocean_display_footer_widgets":"default","ocean_display_footer_bottom":"default","ocean_custom_footer_template":"","footnotes":""},"class_list":["post-129","page","type-page","status-publish","hentry","entry"],"yoast_head":"<!-- This site is optimized with the Yoast SEO plugin v25.1 - https:\/\/yoast.com\/wordpress\/plugins\/seo\/ -->\n<title>Platzodnung - SV\u00d6 Leoben<\/title>\n<meta name=\"robots\" content=\"index, follow, max-snippet:-1, max-image-preview:large, max-video-preview:-1\" \/>\n<link rel=\"canonical\" href=\"https:\/\/www.svoe-leoben.at\/wpsvoe\/platzodnung\/\" \/>\n<meta property=\"og:locale\" content=\"de_DE\" \/>\n<meta property=\"og:type\" content=\"article\" \/>\n<meta property=\"og:title\" content=\"Platzodnung - SV\u00d6 Leoben\" \/>\n<meta property=\"og:description\" content=\"Platzordnung 1. Die Hundef\u00fchrer haben daf\u00fcr zu sorgen, dass die Hunde vor \u00a0dem Kurs den n\u00f6tigen Auslauf erhalten. Um Probleme mit den angrenzenden \u00a0Gartenbesitzern zu vermeiden, bitten wir unbedingt zu [&hellip;]\" \/>\n<meta property=\"og:url\" content=\"https:\/\/www.svoe-leoben.at\/wpsvoe\/platzodnung\/\" \/>\n<meta property=\"og:site_name\" content=\"SV\u00d6 Leoben\" \/>\n<meta property=\"article:modified_time\" content=\"2024-07-27T13:04:49+00:00\" \/>\n<meta name=\"twitter:card\" content=\"summary_large_image\" \/>\n<meta name=\"twitter:label1\" content=\"Gesch\u00e4tzte Lesezeit\" \/>\n\t<meta name=\"twitter:data1\" content=\"2\u00a0Minuten\" \/>\n<script type=\"application\/ld+json\" class=\"yoast-schema-graph\">{\"@context\":\"https:\/\/schema.org\",\"@graph\":[{\"@type\":\"WebPage\",\"@id\":\"https:\/\/www.svoe-leoben.at\/wpsvoe\/platzodnung\/\",\"url\":\"https:\/\/www.svoe-leoben.at\/wpsvoe\/platzodnung\/\",\"name\":\"Platzodnung - SV\u00d6 Leoben\",\"isPartOf\":{\"@id\":\"https:\/\/www.svoe-leoben.at\/wpsvoe\/#website\"},\"datePublished\":\"2024-07-27T13:03:26+00:00\",\"dateModified\":\"2024-07-27T13:04:49+00:00\",\"breadcrumb\":{\"@id\":\"https:\/\/www.svoe-leoben.at\/wpsvoe\/platzodnung\/#breadcrumb\"},\"inLanguage\":\"de\",\"potentialAction\":[{\"@type\":\"ReadAction\",\"target\":[\"https:\/\/www.svoe-leoben.at\/wpsvoe\/platzodnung\/\"]}]},{\"@type\":\"BreadcrumbList\",\"@id\":\"https:\/\/www.svoe-leoben.at\/wpsvoe\/platzodnung\/#breadcrumb\",\"itemListElement\":[{\"@type\":\"ListItem\",\"position\":1,\"name\":\"Startseite\",\"item\":\"https:\/\/www.svoe-leoben.at\/wpsvoe\/\"},{\"@type\":\"ListItem\",\"position\":2,\"name\":\"Platzodnung\"}]},{\"@type\":\"WebSite\",\"@id\":\"https:\/\/www.svoe-leoben.at\/wpsvoe\/#website\",\"url\":\"https:\/\/www.svoe-leoben.at\/wpsvoe\/\",\"name\":\"SV\u00d6 Leoben\",\"description\":\"\u00d6sterreichischer Verein f\u00fcr Deutsche Sch\u00e4ferhunde\",\"publisher\":{\"@id\":\"https:\/\/www.svoe-leoben.at\/wpsvoe\/#organization\"},\"potentialAction\":[{\"@type\":\"SearchAction\",\"target\":{\"@type\":\"EntryPoint\",\"urlTemplate\":\"https:\/\/www.svoe-leoben.at\/wpsvoe\/?s={search_term_string}\"},\"query-input\":{\"@type\":\"PropertyValueSpecification\",\"valueRequired\":true,\"valueName\":\"search_term_string\"}}],\"inLanguage\":\"de\"},{\"@type\":\"Organization\",\"@id\":\"https:\/\/www.svoe-leoben.at\/wpsvoe\/#organization\",\"name\":\"SV\u00d6 Leoben\",\"url\":\"https:\/\/www.svoe-leoben.at\/wpsvoe\/\",\"logo\":{\"@type\":\"ImageObject\",\"inLanguage\":\"de\",\"@id\":\"https:\/\/www.svoe-leoben.at\/wpsvoe\/#\/schema\/logo\/image\/\",\"url\":\"https:\/\/www.svoe-leoben.at\/wpsvoe\/wp-content\/uploads\/2024\/07\/logo.png\",\"contentUrl\":\"https:\/\/www.svoe-leoben.at\/wpsvoe\/wp-content\/uploads\/2024\/07\/logo.png\",\"width\":1000,\"height\":200,\"caption\":\"SV\u00d6 Leoben\"},\"image\":{\"@id\":\"https:\/\/www.svoe-leoben.at\/wpsvoe\/#\/schema\/logo\/image\/\"}}]}<\/script>\n<!-- \/ Yoast SEO plugin. -->","yoast_head_json":{"title":"Platzodnung - SV\u00d6 Leoben","robots":{"index":"index","follow":"follow","max-snippet":"max-snippet:-1","max-image-preview":"max-image-preview:large","max-video-preview":"max-video-preview:-1"},"canonical":"https:\/\/www.svoe-leoben.at\/wpsvoe\/platzodnung\/","og_locale":"de_DE","og_type":"article","og_title":"Platzodnung - SV\u00d6 Leoben","og_description":"Platzordnung 1. Die Hundef\u00fchrer haben daf\u00fcr zu sorgen, dass die Hunde vor \u00a0dem Kurs den n\u00f6tigen Auslauf erhalten. Um Probleme mit den angrenzenden \u00a0Gartenbesitzern zu vermeiden, bitten wir unbedingt zu [&hellip;]","og_url":"https:\/\/www.svoe-leoben.at\/wpsvoe\/platzodnung\/","og_site_name":"SV\u00d6 Leoben","article_modified_time":"2024-07-27T13:04:49+00:00","twitter_card":"summary_large_image","twitter_misc":{"Gesch\u00e4tzte Lesezeit":"2\u00a0Minuten"},"schema":{"@context":"https:\/\/schema.org","@graph":[{"@type":"WebPage","@id":"https:\/\/www.svoe-leoben.at\/wpsvoe\/platzodnung\/","url":"https:\/\/www.svoe-leoben.at\/wpsvoe\/platzodnung\/","name":"Platzodnung - SV\u00d6 Leoben","isPartOf":{"@id":"https:\/\/www.svoe-leoben.at\/wpsvoe\/#website"},"datePublished":"2024-07-27T13:03:26+00:00","dateModified":"2024-07-27T13:04:49+00:00","breadcrumb":{"@id":"https:\/\/www.svoe-leoben.at\/wpsvoe\/platzodnung\/#breadcrumb"},"inLanguage":"de","potentialAction":[{"@type":"ReadAction","target":["https:\/\/www.svoe-leoben.at\/wpsvoe\/platzodnung\/"]}]},{"@type":"BreadcrumbList","@id":"https:\/\/www.svoe-leoben.at\/wpsvoe\/platzodnung\/#breadcrumb","itemListElement":[{"@type":"ListItem","position":1,"name":"Startseite","item":"https:\/\/www.svoe-leoben.at\/wpsvoe\/"},{"@type":"ListItem","position":2,"name":"Platzodnung"}]},{"@type":"WebSite","@id":"https:\/\/www.svoe-leoben.at\/wpsvoe\/#website","url":"https:\/\/www.svoe-leoben.at\/wpsvoe\/","name":"SV\u00d6 Leoben","description":"\u00d6sterreichischer Verein f\u00fcr Deutsche Sch\u00e4ferhunde","publisher":{"@id":"https:\/\/www.svoe-leoben.at\/wpsvoe\/#organization"},"potentialAction":[{"@type":"SearchAction","target":{"@type":"EntryPoint","urlTemplate":"https:\/\/www.svoe-leoben.at\/wpsvoe\/?s={search_term_string}"},"query-input":{"@type":"PropertyValueSpecification","valueRequired":true,"valueName":"search_term_string"}}],"inLanguage":"de"},{"@type":"Organization","@id":"https:\/\/www.svoe-leoben.at\/wpsvoe\/#organization","name":"SV\u00d6 Leoben","url":"https:\/\/www.svoe-leoben.at\/wpsvoe\/","logo":{"@type":"ImageObject","inLanguage":"de","@id":"https:\/\/www.svoe-leoben.at\/wpsvoe\/#\/schema\/logo\/image\/","url":"https:\/\/www.svoe-leoben.at\/wpsvoe\/wp-content\/uploads\/2024\/07\/logo.png","contentUrl":"https:\/\/www.svoe-leoben.at\/wpsvoe\/wp-content\/uploads\/2024\/07\/logo.png","width":1000,"height":200,"caption":"SV\u00d6 Leoben"},"image":{"@id":"https:\/\/www.svoe-leoben.at\/wpsvoe\/#\/schema\/logo\/image\/"}}]}},"_links":{"self":[{"href":"https:\/\/www.svoe-leoben.at\/wpsvoe\/wp-json\/wp\/v2\/pages\/129","targetHints":{"allow":["GET"]}}],"collection":[{"href":"https:\/\/www.svoe-leoben.at\/wpsvoe\/wp-json\/wp\/v2\/pages"}],"about":[{"href":"https:\/\/www.svoe-leoben.at\/wpsvoe\/wp-json\/wp\/v2\/types\/page"}],"author":[{"embeddable":true,"href":"https:\/\/www.svoe-leoben.at\/wpsvoe\/wp-json\/wp\/v2\/users\/1"}],"replies":[{"embeddable":true,"href":"https:\/\/www.svoe-leoben.at\/wpsvoe\/wp-json\/wp\/v2\/comments?post=129"}],"version-history":[{"count":4,"href":"https:\/\/www.svoe-leoben.at\/wpsvoe\/wp-json\/wp\/v2\/pages\/129\/revisions"}],"predecessor-version":[{"id":133,"href":"https:\/\/www.svoe-leoben.at\/wpsvoe\/wp-json\/wp\/v2\/pages\/129\/revisions\/133"}],"wp:attachment":[{"href":"https:\/\/www.svoe-leoben.at\/wpsvoe\/wp-json\/wp\/v2\/media?parent=129"}],"curies":[{"name":"wp","href":"https:\/\/api.w.org\/{rel}","templated":true}]}}