{"id":11,"date":"2024-07-24T15:14:18","date_gmt":"2024-07-24T13:14:18","guid":{"rendered":"https:\/\/www.svoe-leoben.at\/wpsvoe\/?page_id=11"},"modified":"2026-01-17T12:05:34","modified_gmt":"2026-01-17T11:05:34","slug":"startseite","status":"publish","type":"page","link":"https:\/\/www.svoe-leoben.at\/wpsvoe\/","title":{"rendered":"Startseite"},"content":{"rendered":"\t\t<div data-elementor-type=\"wp-page\" data-elementor-id=\"11\" class=\"elementor elementor-11\">\n\t\t\t\t<div class=\"elementor-element elementor-element-6c44c09 e-flex e-con-boxed e-con e-parent\" data-id=\"6c44c09\" data-element_type=\"container\">\n\t\t\t\t\t<div class=\"e-con-inner\">\n\t\t<div class=\"elementor-element elementor-element-1f631d9 e-con-full e-flex e-con e-child\" data-id=\"1f631d9\" data-element_type=\"container\">\n\t\t\t\t<div class=\"elementor-element elementor-element-efe5173 elementor-widget elementor-widget-heading\" data-id=\"efe5173\" data-element_type=\"widget\" data-widget_type=\"heading.default\">\n\t\t\t\t<div class=\"elementor-widget-container\">\n\t\t\t\t\t<h2 class=\"elementor-heading-title elementor-size-default\">Hundeausbildung f\u00fcr alle Rassen<\/h2>\t\t\t\t<\/div>\n\t\t\t\t<\/div>\n\t\t\t\t<\/div>\n\t\t<div class=\"elementor-element elementor-element-337d698 e-con-full e-flex e-con e-child\" data-id=\"337d698\" data-element_type=\"container\">\n\t\t<div class=\"elementor-element elementor-element-95abaa9 e-con-full e-flex e-con e-child\" data-id=\"95abaa9\" data-element_type=\"container\">\n\t\t\t\t<div class=\"elementor-element elementor-element-ce07d2d elementor-widget elementor-widget-text-editor\" data-id=\"ce07d2d\" data-element_type=\"widget\" data-widget_type=\"text-editor.default\">\n\t\t\t\t<div class=\"elementor-widget-container\">\n\t\t\t\t\t\t\t\t\t<p>Ganzj\u00e4hriger Kursbetrieb &#8211; keine Winter- oder Sommerpause!<br \/>Einstieg &#8211; nach kurzer Absprache mit unserem Ausbildungspersonal &#8211; jederzeit m\u00f6glich!<br \/>Nach neuesten Erkenntnissen geschulte Trainer!<\/p>\n<p><\/p>\n<ul class=\"wp-block-list\">\n<li>Welpenkurs<\/li>\n\n<li>Junghundekurs<\/li>\n\n<li>Begleithundekurs<\/li>\n\n<li>F\u00e4hrtenkurs<\/li>\n\n<li>Mantrailingseminare\u00a0<\/li>\n<\/ul>\n<p><\/p>\n<p>Weiters:<br \/>Hundevorf\u00fchrungen unter dem Motto &#8220; Der richtige Umgang mit Hunden&#8220; speziell f\u00fcr Kinder und Jugendliche.<\/p>\n<p>Uns gibt es seit \u00fcber 45 Jahren.<\/p>\n<p>Landesmeisterschaft f\u00fcr Breitensport wurde bei uns in der OG 81 veranstaltet.<\/p>\t\t\t\t\t\t\t\t<\/div>\n\t\t\t\t<\/div>\n\t\t\t\t<\/div>\n\t\t\t\t<\/div>\n\t\t<div class=\"elementor-element elementor-element-1b32be8 e-con-full e-flex e-con e-child\" data-id=\"1b32be8\" data-element_type=\"container\">\n\t\t\t\t<div class=\"elementor-element elementor-element-17fccb8 elementor-widget elementor-widget-image\" data-id=\"17fccb8\" data-element_type=\"widget\" data-widget_type=\"image.default\">\n\t\t\t\t<div class=\"elementor-widget-container\">\n\t\t\t\t\t\t\t\t\t\t\t\t\t\t\t<img fetchpriority=\"high\" decoding=\"async\" width=\"332\" height=\"500\" src=\"https:\/\/www.svoe-leoben.at\/wpsvoe\/wp-content\/uploads\/2024\/07\/startbild.jpg\" class=\"attachment-medium_large size-medium_large wp-image-23\" alt=\"\" srcset=\"https:\/\/www.svoe-leoben.at\/wpsvoe\/wp-content\/uploads\/2024\/07\/startbild.jpg 332w, https:\/\/www.svoe-leoben.at\/wpsvoe\/wp-content\/uploads\/2024\/07\/startbild-199x300.jpg 199w\" sizes=\"(max-width: 332px) 100vw, 332px\" \/>\t\t\t\t\t\t\t\t\t\t\t\t\t\t\t<\/div>\n\t\t\t\t<\/div>\n\t\t\t\t<\/div>\n\t\t\t\t\t<\/div>\n\t\t\t\t<\/div>\n\t\t<div class=\"elementor-element elementor-element-9a85a5a e-flex e-con-boxed e-con e-parent\" data-id=\"9a85a5a\" data-element_type=\"container\">\n\t\t\t\t\t<div class=\"e-con-inner\">\n\t\t\t\t<div class=\"elementor-element elementor-element-e706007 elementor-widget elementor-widget-heading\" data-id=\"e706007\" data-element_type=\"widget\" data-widget_type=\"heading.default\">\n\t\t\t\t<div class=\"elementor-widget-container\">\n\t\t\t\t\t<h2 class=\"elementor-heading-title elementor-size-default\">Rally Obedience - Unser Kursangebot w\u00e4chst<\/h2>\t\t\t\t<\/div>\n\t\t\t\t<\/div>\n\t\t\t\t\t<\/div>\n\t\t\t\t<\/div>\n\t\t<div class=\"elementor-element elementor-element-8646e2e e-flex e-con-boxed e-con e-parent\" data-id=\"8646e2e\" data-element_type=\"container\">\n\t\t\t\t\t<div class=\"e-con-inner\">\n\t\t\t\t<div class=\"elementor-element elementor-element-f8edeae elementor-widget elementor-widget-text-editor\" data-id=\"f8edeae\" data-element_type=\"widget\" data-widget_type=\"text-editor.default\">\n\t\t\t\t<div class=\"elementor-widget-container\">\n\t\t\t\t\t\t\t\t\t<p>Wir erweitern unser Angebot und freuen uns, nun Rally Obedience Kurse anbieten zu k\u00f6nnen. Als besonderes Highlight k\u00f6nnen Rally-Obedience-Pr\u00fcfungen direkt \u00fcber uns abgelegt werden.<\/p>\n<p>Mehr Informationen dazu <a href=\"http:\/\/www.mantrailing.at\/wpm\/rally-obedience\/\" target=\"_blank\" rel=\"noopener\">weiter&#8230;<\/a><\/p>\t\t\t\t\t\t\t\t<\/div>\n\t\t\t\t<\/div>\n\t\t\t\t<div class=\"elementor-element elementor-element-a96a82f elementor-widget elementor-widget-spacer\" data-id=\"a96a82f\" data-element_type=\"widget\" data-widget_type=\"spacer.default\">\n\t\t\t\t<div class=\"elementor-widget-container\">\n\t\t\t\t\t\t\t<div class=\"elementor-spacer\">\n\t\t\t<div class=\"elementor-spacer-inner\"><\/div>\n\t\t<\/div>\n\t\t\t\t\t\t<\/div>\n\t\t\t\t<\/div>\n\t\t\t\t\t<\/div>\n\t\t\t\t<\/div>\n\t\t\t\t<\/div>\n\t\t","protected":false},"excerpt":{"rendered":"<p>Hundeausbildung f\u00fcr alle Rassen Ganzj\u00e4hriger Kursbetrieb &#8211; keine Winter- oder Sommerpause!Einstieg &#8211; nach kurzer Absprache mit unserem Ausbildungspersonal &#8211; jederzeit m\u00f6glich!Nach neuesten Erkenntnissen geschulte Trainer! Weiters:Hundevorf\u00fchrungen unter dem Motto &#8220; [&hellip;]<\/p>\n","protected":false},"author":1,"featured_media":0,"parent":0,"menu_order":0,"comment_status":"closed","ping_status":"closed","template":"","meta":{"ocean_post_layout":"","ocean_both_sidebars_style":"","ocean_both_sidebars_content_width":0,"ocean_both_sidebars_sidebars_width":0,"ocean_sidebar":"","ocean_second_sidebar":"","ocean_disable_margins":"on","ocean_add_body_class":"","ocean_shortcode_before_top_bar":"","ocean_shortcode_after_top_bar":"","ocean_shortcode_before_header":"","ocean_shortcode_after_header":"","ocean_has_shortcode":"","ocean_shortcode_after_title":"","ocean_shortcode_before_footer_widgets":"","ocean_shortcode_after_footer_widgets":"","ocean_shortcode_before_footer_bottom":"","ocean_shortcode_after_footer_bottom":"","ocean_display_top_bar":"default","ocean_display_header":"default","ocean_header_style":"minimal","ocean_center_header_left_menu":"","ocean_custom_header_template":"","ocean_custom_logo":0,"ocean_custom_retina_logo":0,"ocean_custom_logo_max_width":0,"ocean_custom_logo_tablet_max_width":0,"ocean_custom_logo_mobile_max_width":0,"ocean_custom_logo_max_height":0,"ocean_custom_logo_tablet_max_height":0,"ocean_custom_logo_mobile_max_height":0,"ocean_header_custom_menu":"","ocean_menu_typo_font_family":"","ocean_menu_typo_font_subset":"","ocean_menu_typo_font_size":0,"ocean_menu_typo_font_size_tablet":0,"ocean_menu_typo_font_size_mobile":0,"ocean_menu_typo_font_size_unit":"px","ocean_menu_typo_font_weight":"","ocean_menu_typo_font_weight_tablet":"","ocean_menu_typo_font_weight_mobile":"","ocean_menu_typo_transform":"","ocean_menu_typo_transform_tablet":"","ocean_menu_typo_transform_mobile":"","ocean_menu_typo_line_height":0,"ocean_menu_typo_line_height_tablet":0,"ocean_menu_typo_line_height_mobile":0,"ocean_menu_typo_line_height_unit":"","ocean_menu_typo_spacing":0,"ocean_menu_typo_spacing_tablet":0,"ocean_menu_typo_spacing_mobile":0,"ocean_menu_typo_spacing_unit":"","ocean_menu_link_color":"","ocean_menu_link_color_hover":"","ocean_menu_link_color_active":"","ocean_menu_link_background":"","ocean_menu_link_hover_background":"","ocean_menu_link_active_background":"","ocean_menu_social_links_bg":"","ocean_menu_social_hover_links_bg":"","ocean_menu_social_links_color":"","ocean_menu_social_hover_links_color":"","ocean_disable_title":"on","ocean_disable_heading":"default","ocean_post_title":"","ocean_post_subheading":"","ocean_post_title_style":"","ocean_post_title_background_color":"","ocean_post_title_background":0,"ocean_post_title_bg_image_position":"","ocean_post_title_bg_image_attachment":"","ocean_post_title_bg_image_repeat":"","ocean_post_title_bg_image_size":"","ocean_post_title_height":0,"ocean_post_title_bg_overlay":0.5,"ocean_post_title_bg_overlay_color":"","ocean_disable_breadcrumbs":"default","ocean_breadcrumbs_color":"","ocean_breadcrumbs_separator_color":"","ocean_breadcrumbs_links_color":"","ocean_breadcrumbs_links_hover_color":"","ocean_display_footer_widgets":"default","ocean_display_footer_bottom":"default","ocean_custom_footer_template":"","footnotes":""},"class_list":["post-11","page","type-page","status-publish","hentry","entry"],"yoast_head":"<!-- This site is optimized with the Yoast SEO plugin v25.1 - https:\/\/yoast.com\/wordpress\/plugins\/seo\/ -->\n<title>Startseite - SV\u00d6 Leoben<\/title>\n<meta name=\"robots\" content=\"index, follow, max-snippet:-1, max-image-preview:large, max-video-preview:-1\" \/>\n<link rel=\"canonical\" href=\"https:\/\/www.svoe-leoben.at\/wpsvoe\/\" \/>\n<meta property=\"og:locale\" content=\"de_DE\" \/>\n<meta property=\"og:type\" content=\"article\" \/>\n<meta property=\"og:title\" content=\"Startseite - SV\u00d6 Leoben\" \/>\n<meta property=\"og:description\" content=\"Hundeausbildung f\u00fcr alle Rassen Ganzj\u00e4hriger Kursbetrieb &#8211; keine Winter- oder Sommerpause!Einstieg &#8211; nach kurzer Absprache mit unserem Ausbildungspersonal &#8211; jederzeit m\u00f6glich!Nach neuesten Erkenntnissen geschulte Trainer! Weiters:Hundevorf\u00fchrungen unter dem Motto &#8220; [&hellip;]\" \/>\n<meta property=\"og:url\" content=\"https:\/\/www.svoe-leoben.at\/wpsvoe\/\" \/>\n<meta property=\"og:site_name\" content=\"SV\u00d6 Leoben\" \/>\n<meta property=\"article:modified_time\" content=\"2026-01-17T11:05:34+00:00\" \/>\n<meta property=\"og:image\" content=\"https:\/\/www.svoe-leoben.at\/wpsvoe\/wp-content\/uploads\/2024\/07\/startbild.jpg\" \/>\n\t<meta property=\"og:image:width\" content=\"332\" \/>\n\t<meta property=\"og:image:height\" content=\"500\" \/>\n\t<meta property=\"og:image:type\" content=\"image\/jpeg\" \/>\n<meta name=\"twitter:card\" content=\"summary_large_image\" \/>\n<meta name=\"twitter:label1\" content=\"Gesch\u00e4tzte Lesezeit\" \/>\n\t<meta name=\"twitter:data1\" content=\"1\u00a0Minute\" \/>\n<script type=\"application\/ld+json\" class=\"yoast-schema-graph\">{\"@context\":\"https:\/\/schema.org\",\"@graph\":[{\"@type\":\"WebPage\",\"@id\":\"https:\/\/www.svoe-leoben.at\/wpsvoe\/\",\"url\":\"https:\/\/www.svoe-leoben.at\/wpsvoe\/\",\"name\":\"Startseite - SV\u00d6 Leoben\",\"isPartOf\":{\"@id\":\"https:\/\/www.svoe-leoben.at\/wpsvoe\/#website\"},\"primaryImageOfPage\":{\"@id\":\"https:\/\/www.svoe-leoben.at\/wpsvoe\/#primaryimage\"},\"image\":{\"@id\":\"https:\/\/www.svoe-leoben.at\/wpsvoe\/#primaryimage\"},\"thumbnailUrl\":\"https:\/\/www.svoe-leoben.at\/wpsvoe\/wp-content\/uploads\/2024\/07\/startbild.jpg\",\"datePublished\":\"2024-07-24T13:14:18+00:00\",\"dateModified\":\"2026-01-17T11:05:34+00:00\",\"breadcrumb\":{\"@id\":\"https:\/\/www.svoe-leoben.at\/wpsvoe\/#breadcrumb\"},\"inLanguage\":\"de\",\"potentialAction\":[{\"@type\":\"ReadAction\",\"target\":[\"https:\/\/www.svoe-leoben.at\/wpsvoe\/\"]}]},{\"@type\":\"ImageObject\",\"inLanguage\":\"de\",\"@id\":\"https:\/\/www.svoe-leoben.at\/wpsvoe\/#primaryimage\",\"url\":\"https:\/\/www.svoe-leoben.at\/wpsvoe\/wp-content\/uploads\/2024\/07\/startbild.jpg\",\"contentUrl\":\"https:\/\/www.svoe-leoben.at\/wpsvoe\/wp-content\/uploads\/2024\/07\/startbild.jpg\",\"width\":332,\"height\":500},{\"@type\":\"BreadcrumbList\",\"@id\":\"https:\/\/www.svoe-leoben.at\/wpsvoe\/#breadcrumb\",\"itemListElement\":[{\"@type\":\"ListItem\",\"position\":1,\"name\":\"Startseite\",\"item\":\"https:\/\/www.svoe-leoben.at\/wpsvoe\/\"},{\"@type\":\"ListItem\",\"position\":2,\"name\":\"Startseite\"}]},{\"@type\":\"WebSite\",\"@id\":\"https:\/\/www.svoe-leoben.at\/wpsvoe\/#website\",\"url\":\"https:\/\/www.svoe-leoben.at\/wpsvoe\/\",\"name\":\"SV\u00d6 Leoben\",\"description\":\"\u00d6sterreichischer Verein f\u00fcr Deutsche Sch\u00e4ferhunde\",\"publisher\":{\"@id\":\"https:\/\/www.svoe-leoben.at\/wpsvoe\/#organization\"},\"potentialAction\":[{\"@type\":\"SearchAction\",\"target\":{\"@type\":\"EntryPoint\",\"urlTemplate\":\"https:\/\/www.svoe-leoben.at\/wpsvoe\/?s={search_term_string}\"},\"query-input\":{\"@type\":\"PropertyValueSpecification\",\"valueRequired\":true,\"valueName\":\"search_term_string\"}}],\"inLanguage\":\"de\"},{\"@type\":\"Organization\",\"@id\":\"https:\/\/www.svoe-leoben.at\/wpsvoe\/#organization\",\"name\":\"SV\u00d6 Leoben\",\"url\":\"https:\/\/www.svoe-leoben.at\/wpsvoe\/\",\"logo\":{\"@type\":\"ImageObject\",\"inLanguage\":\"de\",\"@id\":\"https:\/\/www.svoe-leoben.at\/wpsvoe\/#\/schema\/logo\/image\/\",\"url\":\"https:\/\/www.svoe-leoben.at\/wpsvoe\/wp-content\/uploads\/2024\/07\/logo.png\",\"contentUrl\":\"https:\/\/www.svoe-leoben.at\/wpsvoe\/wp-content\/uploads\/2024\/07\/logo.png\",\"width\":1000,\"height\":200,\"caption\":\"SV\u00d6 Leoben\"},\"image\":{\"@id\":\"https:\/\/www.svoe-leoben.at\/wpsvoe\/#\/schema\/logo\/image\/\"}}]}<\/script>\n<!-- \/ Yoast SEO plugin. -->","yoast_head_json":{"title":"Startseite - SV\u00d6 Leoben","robots":{"index":"index","follow":"follow","max-snippet":"max-snippet:-1","max-image-preview":"max-image-preview:large","max-video-preview":"max-video-preview:-1"},"canonical":"https:\/\/www.svoe-leoben.at\/wpsvoe\/","og_locale":"de_DE","og_type":"article","og_title":"Startseite - SV\u00d6 Leoben","og_description":"Hundeausbildung f\u00fcr alle Rassen Ganzj\u00e4hriger Kursbetrieb &#8211; keine Winter- oder Sommerpause!Einstieg &#8211; nach kurzer Absprache mit unserem Ausbildungspersonal &#8211; jederzeit m\u00f6glich!Nach neuesten Erkenntnissen geschulte Trainer! Weiters:Hundevorf\u00fchrungen unter dem Motto &#8220; [&hellip;]","og_url":"https:\/\/www.svoe-leoben.at\/wpsvoe\/","og_site_name":"SV\u00d6 Leoben","article_modified_time":"2026-01-17T11:05:34+00:00","og_image":[{"width":332,"height":500,"url":"https:\/\/www.svoe-leoben.at\/wpsvoe\/wp-content\/uploads\/2024\/07\/startbild.jpg","type":"image\/jpeg"}],"twitter_card":"summary_large_image","twitter_misc":{"Gesch\u00e4tzte Lesezeit":"1\u00a0Minute"},"schema":{"@context":"https:\/\/schema.org","@graph":[{"@type":"WebPage","@id":"https:\/\/www.svoe-leoben.at\/wpsvoe\/","url":"https:\/\/www.svoe-leoben.at\/wpsvoe\/","name":"Startseite - SV\u00d6 Leoben","isPartOf":{"@id":"https:\/\/www.svoe-leoben.at\/wpsvoe\/#website"},"primaryImageOfPage":{"@id":"https:\/\/www.svoe-leoben.at\/wpsvoe\/#primaryimage"},"image":{"@id":"https:\/\/www.svoe-leoben.at\/wpsvoe\/#primaryimage"},"thumbnailUrl":"https:\/\/www.svoe-leoben.at\/wpsvoe\/wp-content\/uploads\/2024\/07\/startbild.jpg","datePublished":"2024-07-24T13:14:18+00:00","dateModified":"2026-01-17T11:05:34+00:00","breadcrumb":{"@id":"https:\/\/www.svoe-leoben.at\/wpsvoe\/#breadcrumb"},"inLanguage":"de","potentialAction":[{"@type":"ReadAction","target":["https:\/\/www.svoe-leoben.at\/wpsvoe\/"]}]},{"@type":"ImageObject","inLanguage":"de","@id":"https:\/\/www.svoe-leoben.at\/wpsvoe\/#primaryimage","url":"https:\/\/www.svoe-leoben.at\/wpsvoe\/wp-content\/uploads\/2024\/07\/startbild.jpg","contentUrl":"https:\/\/www.svoe-leoben.at\/wpsvoe\/wp-content\/uploads\/2024\/07\/startbild.jpg","width":332,"height":500},{"@type":"BreadcrumbList","@id":"https:\/\/www.svoe-leoben.at\/wpsvoe\/#breadcrumb","itemListElement":[{"@type":"ListItem","position":1,"name":"Startseite","item":"https:\/\/www.svoe-leoben.at\/wpsvoe\/"},{"@type":"ListItem","position":2,"name":"Startseite"}]},{"@type":"WebSite","@id":"https:\/\/www.svoe-leoben.at\/wpsvoe\/#website","url":"https:\/\/www.svoe-leoben.at\/wpsvoe\/","name":"SV\u00d6 Leoben","description":"\u00d6sterreichischer Verein f\u00fcr Deutsche Sch\u00e4ferhunde","publisher":{"@id":"https:\/\/www.svoe-leoben.at\/wpsvoe\/#organization"},"potentialAction":[{"@type":"SearchAction","target":{"@type":"EntryPoint","urlTemplate":"https:\/\/www.svoe-leoben.at\/wpsvoe\/?s={search_term_string}"},"query-input":{"@type":"PropertyValueSpecification","valueRequired":true,"valueName":"search_term_string"}}],"inLanguage":"de"},{"@type":"Organization","@id":"https:\/\/www.svoe-leoben.at\/wpsvoe\/#organization","name":"SV\u00d6 Leoben","url":"https:\/\/www.svoe-leoben.at\/wpsvoe\/","logo":{"@type":"ImageObject","inLanguage":"de","@id":"https:\/\/www.svoe-leoben.at\/wpsvoe\/#\/schema\/logo\/image\/","url":"https:\/\/www.svoe-leoben.at\/wpsvoe\/wp-content\/uploads\/2024\/07\/logo.png","contentUrl":"https:\/\/www.svoe-leoben.at\/wpsvoe\/wp-content\/uploads\/2024\/07\/logo.png","width":1000,"height":200,"caption":"SV\u00d6 Leoben"},"image":{"@id":"https:\/\/www.svoe-leoben.at\/wpsvoe\/#\/schema\/logo\/image\/"}}]}},"_links":{"self":[{"href":"https:\/\/www.svoe-leoben.at\/wpsvoe\/wp-json\/wp\/v2\/pages\/11","targetHints":{"allow":["GET"]}}],"collection":[{"href":"https:\/\/www.svoe-leoben.at\/wpsvoe\/wp-json\/wp\/v2\/pages"}],"about":[{"href":"https:\/\/www.svoe-leoben.at\/wpsvoe\/wp-json\/wp\/v2\/types\/page"}],"author":[{"embeddable":true,"href":"https:\/\/www.svoe-leoben.at\/wpsvoe\/wp-json\/wp\/v2\/users\/1"}],"replies":[{"embeddable":true,"href":"https:\/\/www.svoe-leoben.at\/wpsvoe\/wp-json\/wp\/v2\/comments?post=11"}],"version-history":[{"count":31,"href":"https:\/\/www.svoe-leoben.at\/wpsvoe\/wp-json\/wp\/v2\/pages\/11\/revisions"}],"predecessor-version":[{"id":256,"href":"https:\/\/www.svoe-leoben.at\/wpsvoe\/wp-json\/wp\/v2\/pages\/11\/revisions\/256"}],"wp:attachment":[{"href":"https:\/\/www.svoe-leoben.at\/wpsvoe\/wp-json\/wp\/v2\/media?parent=11"}],"curies":[{"name":"wp","href":"https:\/\/api.w.org\/{rel}","templated":true}]}}